{"id":2302,"date":"2023-11-03T11:58:41","date_gmt":"2023-11-03T11:58:41","guid":{"rendered":"https:\/\/oakpower.es\/en\/?page_id=2302"},"modified":"2023-11-03T12:16:30","modified_gmt":"2023-11-03T12:16:30","slug":"aviso-legal","status":"publish","type":"page","link":"https:\/\/oakpower.es\/en\/aviso-legal\/","title":{"rendered":"Aviso legal"},"content":{"rendered":"<h3 class=\"wp-block-heading accssme-widget-titles\">AVISO LEGAL<\/h3>\n<p class=\"accssme-widget-content\"><strong class=\"accssme-widget-text\">Objeto y aceptaci\u00f3n<\/strong><\/p>\n<p class=\"accssme-widget-text\">El presente aviso legal regula el uso de nuestro sitio web, del que es titular POWER COMUNICACI\u00d3N, S.L.<br class=\"accssme-widget-content\" \/>La navegaci\u00f3n por el sitio web de POWER COMUNICACI\u00d3N, S.L. atribuye la condici\u00f3n de usuario del mismo e implica la aceptaci\u00f3n plena y sin reservas de todas y cada una de las disposiciones incluidas en este Aviso Legal, que pueden sufrir modificaciones.<br class=\"accssme-widget-content\" \/>Usted se obliga a hacer un uso correcto del sitio web de conformidad con las leyes, la buena fe, el orden p\u00fablico, los usos del tr\u00e1fico y el presente Aviso Legal. El usted responder\u00e1 frente a POWER COMUNICACI\u00d3N, S.L. o frente a terceros, de cualesquiera da\u00f1os y perjuicios que pudieran causarle como consecuencia del incumplimiento de dicha obligaci\u00f3n.<\/p>\n<p class=\"accssme-widget-content\"><strong class=\"accssme-widget-text\">Identificaci\u00f3n y comunicaciones<\/strong><\/p>\n<p class=\"accssme-widget-text\">POWER COMUNICACI\u00d3N, S.L., en cumplimiento de la Ley 34\/2002, de 11 de julio, de servicios de la sociedad de la informaci\u00f3n y de comercio electr\u00f3nico, le informa de que:<\/p>\n<ul class=\"accssme-widget-content\">\n<li class=\"accssme-widget-text\">Su denominaci\u00f3n social es: POWER COMUNICACI\u00d3N, S.L.<\/li>\n<li class=\"accssme-widget-text\">Su CIF es: B-81897977<\/li>\n<li class=\"accssme-widget-text\">Su domicilio social est\u00e1 en: San Bernardo 20, 1\u00ba planta, Centro de Negocios AFFIRMA \u2013 28023 Madrid<\/li>\n<\/ul>\n<p class=\"accssme-widget-text\">Para comunicarse con nosotros, ponemos a su disposici\u00f3n diferentes medios de contacto especificados en la\u00a0pol\u00edtica de privacidad.<\/p>\n<p class=\"accssme-widget-text\">Todas las notificaciones y comunicaciones que realice con POWER COMUNICACI\u00d3N, S.L. se considerar\u00e1n eficaces, a todos los efectos, siempre y cuando se realicen por los medios especificados anteriormente<\/p>\n<p class=\"accssme-widget-content\"><strong class=\"accssme-widget-text\">Condiciones de acceso y utilizaci\u00f3n<\/strong><\/p>\n<p class=\"accssme-widget-text\">El sitio web y sus servicios son de acceso libre, no obstante, POWER COMUNICACI\u00d3N, S.L. condiciona la utilizaci\u00f3n de algunos de los servicios ofrecidos en su web a la previa cumplimentaci\u00f3n del correspondiente formulario.<\/p>\n<p class=\"accssme-widget-text\">Usted garantiza la autenticidad y actualidad de todos aquellos datos que comunique a POWER COMUNICACI\u00d3N, S.L.. y ser\u00e1 el \u00fanico responsable de las manifestaciones falsas o inexactas que realice.<\/p>\n<p class=\"accssme-widget-text\">Usted se compromete expresamente a hacer un uso adecuado de los contenidos y servicios de POWER COMUNICACI\u00d3N, S.L. y a no emplearlos para, entre otros:<\/p>\n<p class=\"accssme-widget-text\">Difundir contenidos, delictivos, violentos, pornogr\u00e1ficos, racistas, xen\u00f3fobo, ofensivos, de apolog\u00eda del terrorismo o, en general, contrarios a la ley o al orden p\u00fablico.<\/p>\n<p class=\"accssme-widget-text\">Introducir en la red virus inform\u00e1ticos o realizar actuaciones susceptibles de alterar, estropear, interrumpir o generar errores o da\u00f1os en los documentos electr\u00f3nicos, datos o sistemas f\u00edsicos y l\u00f3gicos de POWER COMUNICACI\u00d3N, S.L. o de terceras personas; as\u00ed como obstaculizar el acceso de otros usuarios al sitio web y a sus servicios mediante el consumo masivo de los recursos inform\u00e1ticos a trav\u00e9s de los cuales POWER COMUNICACI\u00d3N, S.L. presta sus servicios.<\/p>\n<p class=\"accssme-widget-text\">Intentar acceder datos de otros personas o a \u00e1reas restringidas de los sistemas inform\u00e1ticos de POWER COMUNICACI\u00d3N, S.L.. o de terceros y, en su caso, extraer informaci\u00f3n.<\/p>\n<p class=\"accssme-widget-text\">Vulnerar los derechos de propiedad intelectual o industrial, as\u00ed como violar la confidencialidad de la informaci\u00f3n de POWER COMUNICACI\u00d3N, S.L. o de terceros.<\/p>\n<p class=\"accssme-widget-text\">Suplantar la identidad de otro usuario, de las administraciones p\u00fablicas o de un tercero.<\/p>\n<p class=\"accssme-widget-text\">Reproducir, copiar, distribuir, poner a disposici\u00f3n o de cualquier otra forma comunicar p\u00fablicamente, transformar o modificar los contenidos, a menos que se cuente con la autorizaci\u00f3n del titular de los correspondientes derechos o ello resulte legalmente permitido.<\/p>\n<p class=\"accssme-widget-text\">Recabar datos con finalidad publicitaria y de remitir publicidad de cualquier clase y comunicaciones con fines de venta u otras de naturaleza comercial sin que medie su previa solicitud o consentimiento.<\/p>\n<p class=\"accssme-widget-text\">Todos los contenidos del sitio web, como textos, fotograf\u00edas, gr\u00e1ficos, im\u00e1genes, iconos, tecnolog\u00eda, software, as\u00ed como su dise\u00f1o gr\u00e1fico y c\u00f3digos fuente, constituyen una obra cuya propiedad pertenece a POWER COMUNICACI\u00d3N, S.L., sin que puedan entenderse como cedidos ninguno de los derechos de explotaci\u00f3n sobre los mismos m\u00e1s all\u00e1 de lo estrictamente necesario para el correcto uso de la web.<\/p>\n<p class=\"accssme-widget-text\">En definitiva, usted que accede a este sitio web, puede visualizar los contenidos y efectuar, en su caso, copias privadas autorizadas siempre que los elementos reproducidos no sean cedidos posteriormente a terceros, ni se instalen a servidores conectados a redes, ni sean objeto de ning\u00fan tipo de explotaci\u00f3n.<\/p>\n<p class=\"accssme-widget-text\">Asimismo, todas las marcas, nombres comerciales o signos distintivos de cualquier clase que aparecen en el sitio web son propiedad de POWER COMUNICACI\u00d3N, S.L., sin que pueda entenderse que el uso o acceso al mismo le atribuya derecho alguno sobre los mismos.<\/p>\n<p class=\"accssme-widget-text\">La distribuci\u00f3n, modificaci\u00f3n, cesi\u00f3n o comunicaci\u00f3n p\u00fablica de los contenidos y cualquier otro acto que no haya sido expresamente autorizado por el titular de los derechos de explotaci\u00f3n quedan prohibidos.<\/p>\n<p class=\"accssme-widget-text\">El establecimiento de un hiperenlace no implica en ning\u00fan caso la existencia de relaciones entre POWER COMUNICACI\u00d3N, S.L. y el propietario del sitio web en la que se establezca, ni la aceptaci\u00f3n y aprobaci\u00f3n por parte de POWER COMUNICACI\u00d3N, S.L. de sus contenidos o servicios. Aquellas personas que se propongan establecer un hiperenlace previamente deber\u00e1n solicitar autorizaci\u00f3n por escrito a POWER COMUNICACI\u00d3N, S.L.. En todo caso, el hiperenlace \u00fanicamente permitir\u00e1 el acceso a la home-page o p\u00e1gina de inicio de nuestro sitio web, asimismo deber\u00e1 abstenerse de realizar manifestaciones o indicaciones falsas, inexactas o incorrectas sobre POWER COMUNICACI\u00d3N, S.L., o incluir contenidos il\u00edcitos, contrarios a las buenas costumbres y al orden p\u00fablico.<\/p>\n<p class=\"accssme-widget-text\">POWER COMUNICACI\u00d3N, S.L. no se responsabiliza del uso que cada usuario le d\u00e9 a los materiales puestos a disposici\u00f3n en este sitio web ni de las actuaciones que realice en base a los mismos.<\/p>\n<p class=\"accssme-widget-content\"><strong class=\"accssme-widget-text\">Exclusi\u00f3n de garant\u00edas y de responsabilidad<\/strong><\/p>\n<p class=\"accssme-widget-text\"><br class=\"accssme-widget-content\" \/>POWER COMUNICACI\u00d3N, S.L. excluye, hasta donde permite el ordenamiento jur\u00eddico, cualquier responsabilidad por los da\u00f1os y perjuicios de toda naturaleza derivados de:<\/p>\n<p class=\"accssme-widget-text\">La imposibilidad de acceso al sitio web o la falta de veracidad, exactitud, exhaustividad y\/o actualidad de los contenidos, as\u00ed como la existencia de vicios y defectos de toda clase de los contenidos transmitidos, difundidos, almacenados, puestos a disposici\u00f3n a los que se haya accedido a trav\u00e9s del sitio web o de los servicios que se ofrecen.<\/p>\n<p class=\"accssme-widget-text\">La presencia de virus o de otros elementos en los contenidos que puedan producir alteraciones en los sistemas inform\u00e1ticos, documentos electr\u00f3nicos o datos de los usuarios.<\/p>\n<p class=\"accssme-widget-text\">El incumplimiento de las leyes, la buena fe, el orden p\u00fablico, los usos del tr\u00e1fico y el presente aviso legal como consecuencia del uso incorrecto del sitio web. En particular, y a modo ejemplificativo, POWER COMUNICACI\u00d3N, S.L. no se hace responsable de las actuaciones de terceros que vulneren derechos de propiedad intelectual e industrial, secretos empresariales, derechos al honor, a la intimidad personal y familiar y a la propia imagen, as\u00ed como la normativa en materia de competencia desleal y publicidad il\u00edcita.<\/p>\n<p class=\"accssme-widget-text\">Asimismo, POWER COMUNICACI\u00d3N, S.L. declina cualquier responsabilidad respecto a la informaci\u00f3n que se halle fuera de esta web y no sea gestionada directamente por nuestro webmaster. La funci\u00f3n de los links que aparecen en esta web es exclusivamente la de informar al usuario sobre la existencia de otras fuentes susceptibles de ampliar los contenidos que ofrece este sitio web. POWER COMUNICACI\u00d3N, S.L. no garantiza ni se responsabiliza del funcionamiento o accesibilidad de los sitios enlazados; ni sugiere, invita o recomienda la visita a los mismos, por lo que tampoco ser\u00e1 responsable del resultado obtenido. POWER COMUNICACI\u00d3N, S.L. no se responsabiliza del establecimiento de hiperv\u00ednculos por parte de terceros.<\/p>\n<p class=\"accssme-widget-content\"><strong class=\"accssme-widget-text\">Procedimiento en caso de realizaci\u00f3n de actividades de car\u00e1cter il\u00edcito<\/strong><\/p>\n<p class=\"accssme-widget-text\">En el caso de que usted o un tercero considere que existen hechos o circunstancias que revelen el car\u00e1cter il\u00edcito de la utilizaci\u00f3n de cualquier contenido y\/o de la realizaci\u00f3n de cualquier actividad en las p\u00e1ginas web incluidas o accesibles a trav\u00e9s del sitio web, deber\u00e1 ponerse en contacto con POWER COMUNICACI\u00d3N, S.L. identific\u00e1ndose debidamente, especificando las supuestas infracciones y declarando expresamente y bajo su responsabilidad que la informaci\u00f3n proporcionada en la notificaci\u00f3n es exacta.<\/p>\n<p class=\"accssme-widget-text\">Para toda cuesti\u00f3n litigiosa que incumba al sitio web de POWER COMUNICACI\u00d3N, S.L., ser\u00e1 de aplicaci\u00f3n la legislaci\u00f3n espa\u00f1ola, siendo competentes los Juzgados y Tribunales m\u00e1s cercanos a la sede de (Espa\u00f1a).<\/p>\n<p class=\"accssme-widget-content\"><strong class=\"accssme-widget-text\">Publicaciones<\/strong><\/p>\n<p class=\"accssme-widget-text\">La informaci\u00f3n administrativa facilitada a trav\u00e9s del sitio web no sustituye la publicidad legal de las leyes, normativas, planes, disposiciones generales y actos que tengan que ser publicados formalmente a los diarios oficiales de las administraciones p\u00fablicas, que constituyen el \u00fanico instrumento que da fe de su autenticidad y contenido. La informaci\u00f3n disponible en este sitio web debe entenderse como una gu\u00eda sin prop\u00f3sito de validez legal.<\/p>\n","protected":false},"excerpt":{"rendered":"<p>AVISO LEGAL Objeto y aceptaci\u00f3n El presente aviso legal regula el uso de nuestro sitio web, del que es titular POWER COMUNICACI\u00d3N, S.L.La navegaci\u00f3n por el sitio web de POWER COMUNICACI\u00d3N, S.L. atribuye la condici\u00f3n de usuario del mismo e implica la aceptaci\u00f3n plena y sin reservas de todas y cada una de las disposiciones [&hellip;]<\/p>\n","protected":false},"author":1,"featured_media":0,"parent":0,"menu_order":0,"comment_status":"closed","ping_status":"closed","template":"","meta":{"om_disable_all_campaigns":false,"_monsterinsights_skip_tracking":false,"_monsterinsights_sitenote_active":false,"_monsterinsights_sitenote_note":"","_monsterinsights_sitenote_category":0,"footnotes":""},"class_list":["post-2302","page","type-page","status-publish","hentry"],"acf":[],"aioseo_notices":[],"_links":{"self":[{"href":"https:\/\/oakpower.es\/en\/wp-json\/wp\/v2\/pages\/2302","targetHints":{"allow":["GET"]}}],"collection":[{"href":"https:\/\/oakpower.es\/en\/wp-json\/wp\/v2\/pages"}],"about":[{"href":"https:\/\/oakpower.es\/en\/wp-json\/wp\/v2\/types\/page"}],"author":[{"embeddable":true,"href":"https:\/\/oakpower.es\/en\/wp-json\/wp\/v2\/users\/1"}],"replies":[{"embeddable":true,"href":"https:\/\/oakpower.es\/en\/wp-json\/wp\/v2\/comments?post=2302"}],"version-history":[{"count":1,"href":"https:\/\/oakpower.es\/en\/wp-json\/wp\/v2\/pages\/2302\/revisions"}],"predecessor-version":[{"id":2303,"href":"https:\/\/oakpower.es\/en\/wp-json\/wp\/v2\/pages\/2302\/revisions\/2303"}],"wp:attachment":[{"href":"https:\/\/oakpower.es\/en\/wp-json\/wp\/v2\/media?parent=2302"}],"curies":[{"name":"wp","href":"https:\/\/api.w.org\/{rel}","templated":true}]}}