{"id":2305,"date":"2023-11-03T12:22:38","date_gmt":"2023-11-03T12:22:38","guid":{"rendered":"https:\/\/oakpower.es\/en\/?page_id=2305"},"modified":"2023-11-03T12:22:45","modified_gmt":"2023-11-03T12:22:45","slug":"politica-de-privacidad","status":"publish","type":"page","link":"https:\/\/oakpower.es\/en\/politica-de-privacidad\/","title":{"rendered":"Pol\u00edtica de Privacidad"},"content":{"rendered":"<p class=\"accssme-widget-content\"><strong class=\"accssme-widget-text\">1. IDENTIFICACI\u00d3N<\/strong><\/p>\n<ul class=\"accssme-widget-content\">\n<li class=\"accssme-widget-text\">Identidad: POWER COMUNICACI\u00d3N, S.L. (en adelante, \u201cOAK POWER\u201d)<\/li>\n<li class=\"accssme-widget-text\">NIF: B-81897977<\/li>\n<li class=\"accssme-widget-text\">Direcci\u00f3n: San Bernardo 20, 1\u00ba planta, Centro de Negocios AFFIRMA, 28015\u00a0 Madrid<\/li>\n<li class=\"accssme-widget-text\">Delegado de Protecci\u00f3n de Datos (DPO): puede contactar con nuestro DPO a trav\u00e9s de los siguientes medios:\n<ul class=\"accssme-widget-content\">\n<li class=\"accssme-widget-text\">Correo electr\u00f3nico: info@oakpower.es<\/li>\n<li class=\"accssme-widget-text\">Indicando en la referencia \u201cDelegado de Protecci\u00f3n de Datos\u201d.<\/li>\n<\/ul>\n<\/li>\n<\/ul>\n<p class=\"accssme-widget-content\"><strong class=\"accssme-widget-text\">2. INFORMACI\u00d3N Y CONSENTIMIENTO<\/strong><\/p>\n<p class=\"accssme-widget-text\">Mediante la aceptaci\u00f3n de la presente Pol\u00edtica de Privacidad, el usuario queda informado y presta su consentimiento libre, informado, espec\u00edfico e inequ\u00edvoco para que los datos personales que facilite a trav\u00e9s de la p\u00e1gina web ubicada en la URL www.oakpower.es (en adelante, el \u201c <strong class=\"accssme-widget-text\">Sitio Web\u00a0<\/strong>\u201d) sean tratados por OAK POWER, as\u00ed como los datos derivados de su navegaci\u00f3n y aquellos otros datos que pueda facilitar en un futuro a OAK POWER de forma clara y sencilla, para facilitar su comprensi\u00f3n, determinando libre y voluntariamente si desea facilitar sus datos personales a OAK POWER<strong class=\"accssme-widget-text\">.<\/strong><\/p>\n<p class=\"accssme-widget-content\"><strong class=\"accssme-widget-text\">3. OBLIGATORIEDAD DE FACILITAR LOS DATOS<\/strong><\/p>\n<p class=\"accssme-widget-text\">Los datos solicitados en los formularios del Sitio Web son con car\u00e1cter general, obligatorios (salvo que en el campo requerido se especifique lo contrario) para cumplir con las finalidades establecidas.\u00a0<br class=\"accssme-widget-content\" \/>Por lo tanto, si no se facilitan los mismos o no se facilitan correctamente no podr\u00e1n atenderse las mismas, sin perjuicio de que podr\u00e1 visualizar libremente el contenido del Sitio Web.<\/p>\n<p class=\"accssme-widget-content\"><strong class=\"accssme-widget-text\">4. \u00bfCON QU\u00c9 FINALIDAD TRATAR\u00c1 OAK POWER LOS DATOS PERSONALES DEL USUARIO?<\/strong><\/p>\n<p class=\"accssme-widget-text\">Los datos personales facilitados a trav\u00e9s del Sitio Web ser\u00e1n tratados por OAK POWER conforme a las siguientes finalidades:<\/p>\n<p class=\"accssme-widget-text\">1. Datos facilitados para el\u00a0<strong class=\"accssme-widget-text\">env\u00edo de Newsletter<\/strong>:<\/p>\n<ul class=\"accssme-widget-content\">\n<li class=\"accssme-widget-text\">Gestionar la suscripci\u00f3n y\/o baja de la Newsletter, realizada a trav\u00e9s del canal dispuesto en el Sitio Web de OAK POWER.<\/li>\n<\/ul>\n<p class=\"accssme-widget-text\">2. Datos proporcionados en los\u00a0<strong class=\"accssme-widget-text\">formularios de contacto<\/strong>:<\/p>\n<ul class=\"accssme-widget-content\">\n<li class=\"accssme-widget-text\">Gestionar las solicitudes de contacto e informaci\u00f3n del usuario a trav\u00e9s de los canales dispuestos para ello en los sitios web de OAK POWER.<\/li>\n<li class=\"accssme-widget-text\">Gesti\u00f3n de la petici\u00f3n planteada.<\/li>\n<li class=\"accssme-widget-text\">Efectuar an\u00e1lisis sobre la utilizaci\u00f3n del Sitio Web y comprobar las preferencias y comportamiento de los usuarios.<\/li>\n<\/ul>\n<p class=\"accssme-widget-content\"><strong class=\"accssme-widget-text\">5. \u00bfQU\u00c9 DATOS DEL USUARIO TRATAR\u00c1 OAK POWER?<\/strong><\/p>\n<p class=\"accssme-widget-text\">OAK POWER tratar\u00e1 las siguientes categor\u00edas de datos del usuario:<\/p>\n<p class=\"accssme-widget-text\">1. Datos facilitados para el\u00a0<strong class=\"accssme-widget-text\">env\u00edo de Newsletter<\/strong>:<\/p>\n<ul class=\"accssme-widget-content\">\n<li class=\"accssme-widget-text\">Datos identificativos: nombre, apellidos.<\/li>\n<li class=\"accssme-widget-text\">Datos de contacto: direcci\u00f3n de correo electr\u00f3nico.<\/li>\n<\/ul>\n<p class=\"accssme-widget-text\">2. Datos proporcionados en los\u00a0<strong class=\"accssme-widget-text\">formularios de contacto:<\/strong><\/p>\n<ul class=\"accssme-widget-content\">\n<li class=\"accssme-widget-text\">Datos de identificaci\u00f3n: nombre, apellidos<\/li>\n<li class=\"accssme-widget-text\">Datos de contacto: direcci\u00f3n de correo electr\u00f3nico.<\/li>\n<li class=\"accssme-widget-text\">Otros datos: datos facilitados por los propios interesados en los campos abiertos de los formularios dispuestos en el Sitio Web o en los documentos adjuntos.<\/li>\n<li class=\"accssme-widget-text\">Datos de navegaci\u00f3n.<\/li>\n<\/ul>\n<p class=\"accssme-widget-content\"><strong class=\"accssme-widget-text\">6. \u00bfCU\u00c1L ES LA LEGITIMACI\u00d3N DEL TRATAMIENTO DE LOS DATOS DEL USUARIO?<\/strong><\/p>\n<p class=\"accssme-widget-text\">La legitimaci\u00f3n del tratamiento de sus datos personales, ser\u00e1n las siguientes:<\/p>\n<ol class=\"accssme-widget-content\">\n<li class=\"accssme-widget-text\"><strong class=\"accssme-widget-text\">el env\u00edo de Newsletter<\/strong>: en el consentimiento prestado por el usuario.<\/li>\n<li class=\"accssme-widget-text\">Para el env\u00edo de <strong class=\"accssme-widget-text\">formularios de contacto<\/strong>: en el consentimiento prestado por el usuario. Para la ejecuci\u00f3n de an\u00e1lisis sobre la utilizaci\u00f3n de la web, el inter\u00e9s leg\u00edtimo de OAK POWER.<\/li>\n<\/ol>\n<p class=\"accssme-widget-text\">Los consentimientos obtenidos para las finalidades mencionadas son independientes por lo que el usuario podr\u00e1 revocar solo uno de ellos no afectando a los dem\u00e1s.\u00a0<br class=\"accssme-widget-content\" \/>Para revocar dicho consentimiento, el Usuario podr\u00e1 contactar con OAK POWERa trav\u00e9s de los canales siguientes: <a class=\"accssme-widget-links accssme-widget-text\" title=\"\" href=\"mailto:info@oakpower.es\">info@oakpower.es<\/a><\/p>\n<p class=\"accssme-widget-content\"><strong class=\"accssme-widget-text\">7. \u00bfCON QU\u00c9 DESTINATARIOS SE COMPARTIR\u00c1N LOS DATOS DEL USUARIO?<\/strong><\/p>\n<p class=\"accssme-widget-text\">Los datos del usuario podr\u00e1n ser comunicados a:<\/p>\n<ol class=\"accssme-widget-content\">\n<li class=\"accssme-widget-text\">1.Datos facilitados\u00a0<strong class=\"accssme-widget-text\">el env\u00edo de Newsletter,<\/strong><\/li>\n<li class=\"accssme-widget-text\">2.Datos proporcionados\u00a0<strong class=\"accssme-widget-text\">los formularios de contacto\u00a0<\/strong>:\n<ol class=\"accssme-widget-content\">\n<li class=\"accssme-widget-text\">oEmpresas del grupo al que pertenece OAK POWER, \u00fanicamente para fines administrativos internos y\/o para las finalidades anteriormente indicadas.<\/li>\n<\/ol>\n<\/li>\n<\/ol>\n<p class=\"accssme-widget-text\">Adicionalmente, los datos podr\u00e1n ser accesibles por proveedores de OAK POWER, siendo dicho acceso el necesario para el adecuado cumplimiento de las obligaciones legales y\/o de las finalidades anteriormente indicadas. Dichos proveedores no tratar\u00e1n sus datos para finalidades propias que no hayan sido previamente informadas por OAK POWER.<\/p>\n<p class=\"accssme-widget-content\"><strong class=\"accssme-widget-text\">8. CONSERVACI\u00d3N DE LOS DATOS<\/strong><\/p>\n<p class=\"accssme-widget-text\">Sus datos ser\u00e1n conservados durante los siguientes plazos:<\/p>\n<ol class=\"accssme-widget-content\">\n<li class=\"accssme-widget-text\">Datos facilitados para <strong class=\"accssme-widget-text\">env\u00edo de Newsletter<\/strong>: ser\u00e1n conservados en tanto en cuanto el usuario no revoque el consentimiento prestado al efecto.<\/li>\n<li class=\"accssme-widget-text\">Datos proporcionados en <strong class=\"accssme-widget-text\">formularios de contacto<\/strong>: ser\u00e1n conservados durante el plazo necesario para dar tr\u00e1mite y contestaci\u00f3n a su solicitud y, una vez finalizado el mismo, durante el plazo de prescripci\u00f3n de las acciones legales derivadas de la citada solicitud.<\/li>\n<\/ol>\n<p class=\"accssme-widget-content\"><strong class=\"accssme-widget-text\">9. RESPONSABILIDAD DEL USUARIO<\/strong><\/p>\n<p class=\"accssme-widget-text\">El usuario:<\/p>\n<ul class=\"accssme-widget-content\">\n<li class=\"accssme-widget-text\">Garantiza que es mayor de dieciocho (18) a\u00f1os y que los datos que facilita a\u00a0APROSOL\u00a0son verdaderos, exactos, completos y actualizados. A estos efectos, el usuario responde de la veracidad de todos los datos que comunique y mantendr\u00e1 convenientemente actualizada la informaci\u00f3n facilitada, de tal forma que responda a su situaci\u00f3n real.<\/li>\n<li class=\"accssme-widget-text\">Garantiza que ha informado a los terceros de los que facilite sus datos, en caso de hacerlo, de los aspectos contenidos en este documento. Asimismo, garantiza que ha obtenido su autorizaci\u00f3n para facilitar sus datos a OAK POWER para los fines se\u00f1alados.<\/li>\n<li class=\"accssme-widget-text\">Ser\u00e1 responsable de las informaciones falsas o inexactas que proporcione a trav\u00e9s del Sitio Web y de los da\u00f1os y perjuicios, directos o indirectos, que ello cause a OAK POWER o a terceros.<\/li>\n<\/ul>\n<p class=\"accssme-widget-content\"><strong class=\"accssme-widget-text\">10. EJERCICIO DE DERECHOS<\/strong><\/p>\n<p class=\"accssme-widget-text\">El usuario puede enviar un escrito a OAK POWER, a la direcci\u00f3n indicada en el encabezado de la presente Pol\u00edtica, o bien por medio de un correo electr\u00f3nico a la direcci\u00f3n <a class=\"accssme-widget-links accssme-widget-text\" title=\"\" href=\"mailto:info@oakpower.es\">info@oakpower.es<\/a>, adjuntando fotocopia de su documento de identidad, en cualquier momento y de manera gratuita, para:<\/p>\n<ul class=\"accssme-widget-content\">\n<li class=\"accssme-widget-text\">Revocar los consentimientos otorgados.<\/li>\n<li class=\"accssme-widget-text\">Obtener confirmaci\u00f3n acerca de si en OAK POWER se est\u00e1n tratando datos personales que conciernen al usuario o no.<\/li>\n<li class=\"accssme-widget-text\">Acceder a sus datos personales.<\/li>\n<li class=\"accssme-widget-text\">Rectificar los datos inexactos o incompletos.<\/li>\n<li class=\"accssme-widget-text\">Solicitar la supresi\u00f3n de sus datos cuando, entre otros motivos, los datos ya no sean necesarios para los fines que fueron recogidos.<\/li>\n<li class=\"accssme-widget-text\">Obtener de OAK POWER la limitaci\u00f3n del tratamiento de los datos cuando se cumpla alguna de las condiciones previstas en la normativa de protecci\u00f3n de datos.<\/li>\n<li class=\"accssme-widget-text\">Solicitar la portabilidad de los datos facilitados por el Usuario en aquellos casos previstos en la normativa.<\/li>\n<li class=\"accssme-widget-text\">Ponerse en contacto con el DPO de OAK POWER a trav\u00e9s de la siguiente direcci\u00f3n: <a class=\"accssme-widget-links accssme-widget-text\" title=\"\" href=\"mailto:info@oakpower.es\">info@oakpower.es<\/a><\/li>\n<li class=\"accssme-widget-text\">Interponer una reclamaci\u00f3n relativa a la protecci\u00f3n de sus datos personales ante la Agencia Espa\u00f1ola de Protecci\u00f3n de Datos en la direcci\u00f3n Calle de Jorge Juan, 6, 28001 Madrid, cuando el interesado considere que OAK POWER ha vulnerado los derechos que le son reconocidos por la normativa aplicable en protecci\u00f3n de datos.<\/li>\n<\/ul>\n<p class=\"accssme-widget-content\"><strong class=\"accssme-widget-text\">11. MEDIDAS DE SEGURIDAD<\/strong><\/p>\n<p class=\"accssme-widget-text\">OAK POWER tratar\u00e1 los datos del usuario en todo momento de forma absolutamente confidencial y guardando el preceptivo deber de secreto respecto de los mismos, de conformidad con lo previsto en la normativa de aplicaci\u00f3n, adoptando al efecto las medidas de \u00edndole t\u00e9cnica y organizativas necesarias que garanticen la seguridad de sus datos y eviten su alteraci\u00f3n, p\u00e9rdida, tratamiento o acceso no autorizado, habida cuenta del estado de la tecnolog\u00eda, la naturaleza de los datos almacenados y los riesgos a que est\u00e1n expuestos.<\/p>\n","protected":false},"excerpt":{"rendered":"<p>1. IDENTIFICACI\u00d3N Identidad: POWER COMUNICACI\u00d3N, S.L. (en adelante, \u201cOAK POWER\u201d) NIF: B-81897977 Direcci\u00f3n: San Bernardo 20, 1\u00ba planta, Centro de Negocios AFFIRMA, 28015\u00a0 Madrid Delegado de Protecci\u00f3n de Datos (DPO): puede contactar con nuestro DPO a trav\u00e9s de los siguientes medios: Correo electr\u00f3nico: info@oakpower.es Indicando en la referencia \u201cDelegado de Protecci\u00f3n de Datos\u201d. 2. INFORMACI\u00d3N [&hellip;]<\/p>\n","protected":false},"author":1,"featured_media":0,"parent":0,"menu_order":0,"comment_status":"closed","ping_status":"closed","template":"","meta":{"om_disable_all_campaigns":false,"_monsterinsights_skip_tracking":false,"_monsterinsights_sitenote_active":false,"_monsterinsights_sitenote_note":"","_monsterinsights_sitenote_category":0,"footnotes":""},"class_list":["post-2305","page","type-page","status-publish","hentry"],"acf":[],"aioseo_notices":[],"_links":{"self":[{"href":"https:\/\/oakpower.es\/en\/wp-json\/wp\/v2\/pages\/2305","targetHints":{"allow":["GET"]}}],"collection":[{"href":"https:\/\/oakpower.es\/en\/wp-json\/wp\/v2\/pages"}],"about":[{"href":"https:\/\/oakpower.es\/en\/wp-json\/wp\/v2\/types\/page"}],"author":[{"embeddable":true,"href":"https:\/\/oakpower.es\/en\/wp-json\/wp\/v2\/users\/1"}],"replies":[{"embeddable":true,"href":"https:\/\/oakpower.es\/en\/wp-json\/wp\/v2\/comments?post=2305"}],"version-history":[{"count":1,"href":"https:\/\/oakpower.es\/en\/wp-json\/wp\/v2\/pages\/2305\/revisions"}],"predecessor-version":[{"id":2306,"href":"https:\/\/oakpower.es\/en\/wp-json\/wp\/v2\/pages\/2305\/revisions\/2306"}],"wp:attachment":[{"href":"https:\/\/oakpower.es\/en\/wp-json\/wp\/v2\/media?parent=2305"}],"curies":[{"name":"wp","href":"https:\/\/api.w.org\/{rel}","templated":true}]}}